{"id":11891,"date":"2016-11-03T13:49:27","date_gmt":"2016-11-03T13:49:27","guid":{"rendered":"https:\/\/www.zagreb-transfer.taxi\/o-nama\/"},"modified":"2021-03-22T07:46:47","modified_gmt":"2021-03-22T07:46:47","slug":"uber-uns","status":"publish","type":"page","link":"https:\/\/www.zagreb-transfer.taxi\/de\/uber-uns\/","title":{"rendered":"\u00dcber uns"},"content":{"rendered":"<p>[vc_row css_animation=&#8220;&#8220; row_type=&#8220;row&#8220; use_row_as_full_screen_section=&#8220;no&#8220; type=&#8220;full_width&#8220; angled_section=&#8220;no&#8220; text_align=&#8220;center&#8220; background_image_as_pattern=&#8220;without_pattern&#8220; css=&#8220;.vc_custom_1546592455256{padding-top: 60px !important;padding-bottom: 20px !important;}&#8220; z_index=&#8220;&#8220;][vc_column][vc_column_text]<\/p>\n<h2><span style=\"color: #1e87f0;\">Die beste Auswahl<\/span> an Fahrzeugen f\u00fcr Ihr Geld!<\/h2>\n<p>[\/vc_column_text][vc_empty_space height=&#8220;15px&#8220;][vc_column_text]<\/p>\n<h6>Entdecken Sie unser Leistungsspektrum<\/h6>\n<p>[\/vc_column_text][\/vc_column][\/vc_row][vc_row row_type=&#8220;parallax&#8220; parallax_content_width=&#8220;in_grid&#8220; text_align=&#8220;center&#8220; background_image=&#8220;8&#8243; full_screen_section_height=&#8220;no&#8220;][vc_column css=&#8220;.vc_custom_1478185213207{padding-top: 90px !important;padding-bottom: 45px !important;}&#8220;][vc_row_inner row_type=&#8220;row&#8220; type=&#8220;full_width&#8220; text_align=&#8220;left&#8220; css_animation=&#8220;&#8220;][vc_column_inner][\/vc_column_inner][\/vc_row_inner][vc_column_text]<strong>WER WIR SIND<\/strong><\/p>\n<p><strong>Das Taxiunternehmen Zagreb Transfer ist auf die Organisation von privaten Transfers von Einzelpersonen oder Gruppen aller Gr\u00f6\u00dfen spezialisiert.<\/strong><\/p>\n<p>Zagreb Transfer Taxi ist ein professionelles, lizenziertes Reiseunternehmen. Wir sind spezialisiert auf Touren, Ausfl\u00fcge und Transfers. Englisch sprechende Fahrer mit langj\u00e4hriger Erfahrung und Fahrzeuge in hervorragender Verfassung warten auf Sie.<\/p>\n<p>Es bietet einen komfortablen T\u00fcr-zu-T\u00fcr-Transfer zwischen kroatischen und europ\u00e4ischen St\u00e4dten sowie mehrt\u00e4gige ma\u00dfgeschneiderte Reisen zum Preis Kroatiens zu erschwinglichen Preisen.<\/p>\n<p>Schneller, zuverl\u00e4ssiger und professioneller Service[\/vc_column_text][\/vc_column][\/vc_row][vc_row css_animation=&#8220;&#8220; row_type=&#8220;row&#8220; use_row_as_full_screen_section=&#8220;no&#8220; type=&#8220;grid&#8220; angled_section=&#8220;no&#8220; text_align=&#8220;left&#8220; background_image_as_pattern=&#8220;without_pattern&#8220; css=&#8220;.vc_custom_1478186019876{padding-top: 95px !important;padding-bottom: 48px !important;}&#8220;][vc_column offset=&#8220;vc_col-lg-6 vc_col-md-6&#8243;][vc_column_text]<\/p>\n<h2>25 Jahre Erfahrung<\/h2>\n<p>[\/vc_column_text][vc_empty_space height=&#8220;37px&#8220;][vc_column_text]<strong>Anders als andere<\/strong><\/p>\n<p><strong>Wir befinden uns in Zagreb<\/strong><\/p>\n<p>Wenn Sie p\u00fcnktlich, gl\u00fccklich und stilvoll ankommen m\u00fcssen, k\u00f6nnen Sie einen hochqualifizierten und zuverl\u00e4ssigen Fahrer und ein erstklassiges Fahrzeug nicht ersetzen.<\/p>\n<p>Wenn es um Fahrerservices geht, denken wir gerne, dass der Zagreber Transfer-Taxiservice der Konkurrenz voraus ist.<\/p>\n<p>Wir bieten einen auf Ihre individuellen Bed\u00fcrfnisse zugeschnittenen Service und arbeiten gerne mit Ihnen bei gr\u00f6\u00dferen Veranstaltungen, Gruppenreisen oder kleineren pers\u00f6nlichen Anl\u00e4ssen zusammen.<\/p>\n<p>Ab dem Moment, in dem Ihr Zagreber Transfer-Taxifahrer eintrifft, f\u00fchlen Sie sich in sicheren H\u00e4nden.[\/vc_column_text][vc_empty_space height=&#8220;41px&#8220;]<a  itemprop=\"url\" href=\"https:\/\/www.zagreb-transfer.taxi\/de\/#booking\" target=\"_self\"  class=\"qbutton  default\" style=\"\">Finden Sie das beste Angebot<\/a>[vc_empty_space height=&#8220;45px&#8220;][\/vc_column][\/vc_row]<\/p>\n","protected":false},"excerpt":{"rendered":"<p>[vc_row css_animation=&#8220;&#8220; row_type=&#8220;row&#8220; use_row_as_full_screen_section=&#8220;no&#8220; type=&#8220;full_width&#8220; angled_section=&#8220;no&#8220; text_align=&#8220;center&#8220; background_image_as_pattern=&#8220;without_pattern&#8220; css=&#8220;.vc_custom_1546592455256{padding-top: 60px !important;padding-bottom: 20px !important;}&#8220; z_index=&#8220;&#8220;][vc_column][vc_column_text] Die beste Auswahl an Fahrzeugen f\u00fcr Ihr Geld! [\/vc_column_text][vc_empty_space height=&#8220;15px&#8220;][vc_column_text] Entdecken Sie unser Leistungsspektrum [\/vc_column_text][\/vc_column][\/vc_row][vc_row row_type=&#8220;parallax&#8220; parallax_content_width=&#8220;in_grid&#8220; text_align=&#8220;center&#8220; background_image=&#8220;8&#8243; full_screen_section_height=&#8220;no&#8220;][vc_column css=&#8220;.vc_custom_1478185213207{padding-top: 90px !important;padding-bottom: 45px !important;}&#8220;][vc_row_inner row_type=&#8220;row&#8220; type=&#8220;full_width&#8220; text_align=&#8220;left&#8220; css_animation=&#8220;&#8220;][vc_column_inner][\/vc_column_inner][\/vc_row_inner][vc_column_text]WER WIR SIND&#8230;<\/p>\n","protected":false},"author":1,"featured_media":0,"parent":0,"menu_order":0,"comment_status":"closed","ping_status":"closed","template":"full_width.php","meta":[],"yoast_head":"<!-- This site is optimized with the Yoast SEO plugin v19.2 - https:\/\/yoast.com\/wordpress\/plugins\/seo\/ -->\n<title>\u00dcber uns - Zagreb Transfer Taxi<\/title>\n<meta name=\"description\" content=\"We are a company that offers taxi services and private transfers in Croatia. We offer luxury cars &amp;minibus that are fully equipped and experienced drivers are at your service 24 hours a day, and 7 day a week. Private door-to-door transfers and taxi service to and from airport Zagreb to rest of Croatia. Easy booking, reliable service and great prices. We are your local premier online taxi and transfer service. We provide a professional taxi and transfer service in Croatia with a competitive price and operate 24 hours a day, 365 days a year. - Excellent Airport pickup and transfer service- Reliable and Punctual, always on time- Airport meeting service - If the flight is delayed, no problem and no extra charge- High quality luxury cars - Professional drivers with a helpful attitude.\" \/>\n<meta name=\"robots\" content=\"index, follow, max-snippet:-1, max-image-preview:large, max-video-preview:-1\" \/>\n<link rel=\"canonical\" href=\"https:\/\/www.zagreb-transfer.taxi\/de\/uber-uns\/\" \/>\n<meta property=\"og:locale\" content=\"de_DE\" \/>\n<meta property=\"og:type\" content=\"article\" \/>\n<meta property=\"og:title\" content=\"\u00dcber uns - Zagreb Transfer Taxi\" \/>\n<meta property=\"og:description\" content=\"We are a company that offers taxi services and private transfers in Croatia. We offer luxury cars &amp;minibus that are fully equipped and experienced drivers are at your service 24 hours a day, and 7 day a week. Private door-to-door transfers and taxi service to and from airport Zagreb to rest of Croatia. Easy booking, reliable service and great prices. We are your local premier online taxi and transfer service. We provide a professional taxi and transfer service in Croatia with a competitive price and operate 24 hours a day, 365 days a year. - Excellent Airport pickup and transfer service- Reliable and Punctual, always on time- Airport meeting service - If the flight is delayed, no problem and no extra charge- High quality luxury cars - Professional drivers with a helpful attitude.\" \/>\n<meta property=\"og:url\" content=\"https:\/\/www.zagreb-transfer.taxi\/de\/uber-uns\/\" \/>\n<meta property=\"og:site_name\" content=\"Zagreb Transfer Taxi\" \/>\n<meta property=\"article:modified_time\" content=\"2021-03-22T07:46:47+00:00\" \/>\n<meta name=\"author\" content=\"gocro\" \/>\n<meta name=\"twitter:card\" content=\"summary_large_image\" \/>\n<meta name=\"twitter:label1\" content=\"Gesch\u00e4tzte Lesezeit\" \/>\n\t<meta name=\"twitter:data1\" content=\"2\u00a0Minuten\" \/>\n<script type=\"application\/ld+json\" class=\"yoast-schema-graph\">{\"@context\":\"https:\/\/schema.org\",\"@graph\":[{\"@type\":\"WebSite\",\"@id\":\"https:\/\/www.zagreb-transfer.taxi\/hr\/#website\",\"url\":\"https:\/\/www.zagreb-transfer.taxi\/hr\/\",\"name\":\"Zagreb Transfer Taxi\",\"description\":\"Zagreb Transfer Taxi\",\"potentialAction\":[{\"@type\":\"SearchAction\",\"target\":{\"@type\":\"EntryPoint\",\"urlTemplate\":\"https:\/\/www.zagreb-transfer.taxi\/hr\/?s={search_term_string}\"},\"query-input\":\"required name=search_term_string\"}],\"inLanguage\":\"de\"},{\"@type\":\"WebPage\",\"@id\":\"https:\/\/www.zagreb-transfer.taxi\/de\/uber-uns\/#webpage\",\"url\":\"https:\/\/www.zagreb-transfer.taxi\/de\/uber-uns\/\",\"name\":\"\u00dcber uns - Zagreb Transfer Taxi\",\"isPartOf\":{\"@id\":\"https:\/\/www.zagreb-transfer.taxi\/hr\/#website\"},\"datePublished\":\"2016-11-03T13:49:27+00:00\",\"dateModified\":\"2021-03-22T07:46:47+00:00\",\"description\":\"We are a company that offers taxi services and private transfers in Croatia. We offer luxury cars &minibus that are fully equipped and experienced drivers are at your service 24 hours a day, and 7 day a week. Private door-to-door transfers and taxi service to and from airport Zagreb to rest of Croatia. Easy booking, reliable service and great prices. We are your local premier online taxi and transfer service. We provide a professional taxi and transfer service in Croatia with a competitive price and operate 24 hours a day, 365 days a year. - Excellent Airport pickup and transfer service- Reliable and Punctual, always on time- Airport meeting service - If the flight is delayed, no problem and no extra charge- High quality luxury cars - Professional drivers with a helpful attitude.\",\"breadcrumb\":{\"@id\":\"https:\/\/www.zagreb-transfer.taxi\/de\/uber-uns\/#breadcrumb\"},\"inLanguage\":\"de\",\"potentialAction\":[{\"@type\":\"ReadAction\",\"target\":[\"https:\/\/www.zagreb-transfer.taxi\/de\/uber-uns\/\"]}]},{\"@type\":\"BreadcrumbList\",\"@id\":\"https:\/\/www.zagreb-transfer.taxi\/de\/uber-uns\/#breadcrumb\",\"itemListElement\":[{\"@type\":\"ListItem\",\"position\":1,\"name\":\"Home\",\"item\":\"https:\/\/www.zagreb-transfer.taxi\/de\/\"},{\"@type\":\"ListItem\",\"position\":2,\"name\":\"\u00dcber uns\"}]}]}<\/script>\n<!-- \/ Yoast SEO plugin. -->","yoast_head_json":{"title":"\u00dcber uns - Zagreb Transfer Taxi","description":"We are a company that offers taxi services and private transfers in Croatia. We offer luxury cars &minibus that are fully equipped and experienced drivers are at your service 24 hours a day, and 7 day a week. Private door-to-door transfers and taxi service to and from airport Zagreb to rest of Croatia. Easy booking, reliable service and great prices. We are your local premier online taxi and transfer service. We provide a professional taxi and transfer service in Croatia with a competitive price and operate 24 hours a day, 365 days a year. - Excellent Airport pickup and transfer service- Reliable and Punctual, always on time- Airport meeting service - If the flight is delayed, no problem and no extra charge- High quality luxury cars - Professional drivers with a helpful attitude.","robots":{"index":"index","follow":"follow","max-snippet":"max-snippet:-1","max-image-preview":"max-image-preview:large","max-video-preview":"max-video-preview:-1"},"canonical":"https:\/\/www.zagreb-transfer.taxi\/de\/uber-uns\/","og_locale":"de_DE","og_type":"article","og_title":"\u00dcber uns - Zagreb Transfer Taxi","og_description":"We are a company that offers taxi services and private transfers in Croatia. We offer luxury cars &minibus that are fully equipped and experienced drivers are at your service 24 hours a day, and 7 day a week. Private door-to-door transfers and taxi service to and from airport Zagreb to rest of Croatia. Easy booking, reliable service and great prices. We are your local premier online taxi and transfer service. We provide a professional taxi and transfer service in Croatia with a competitive price and operate 24 hours a day, 365 days a year. - Excellent Airport pickup and transfer service- Reliable and Punctual, always on time- Airport meeting service - If the flight is delayed, no problem and no extra charge- High quality luxury cars - Professional drivers with a helpful attitude.","og_url":"https:\/\/www.zagreb-transfer.taxi\/de\/uber-uns\/","og_site_name":"Zagreb Transfer Taxi","article_modified_time":"2021-03-22T07:46:47+00:00","author":"gocro","twitter_card":"summary_large_image","twitter_misc":{"Gesch\u00e4tzte Lesezeit":"2\u00a0Minuten"},"schema":{"@context":"https:\/\/schema.org","@graph":[{"@type":"WebSite","@id":"https:\/\/www.zagreb-transfer.taxi\/hr\/#website","url":"https:\/\/www.zagreb-transfer.taxi\/hr\/","name":"Zagreb Transfer Taxi","description":"Zagreb Transfer Taxi","potentialAction":[{"@type":"SearchAction","target":{"@type":"EntryPoint","urlTemplate":"https:\/\/www.zagreb-transfer.taxi\/hr\/?s={search_term_string}"},"query-input":"required name=search_term_string"}],"inLanguage":"de"},{"@type":"WebPage","@id":"https:\/\/www.zagreb-transfer.taxi\/de\/uber-uns\/#webpage","url":"https:\/\/www.zagreb-transfer.taxi\/de\/uber-uns\/","name":"\u00dcber uns - Zagreb Transfer Taxi","isPartOf":{"@id":"https:\/\/www.zagreb-transfer.taxi\/hr\/#website"},"datePublished":"2016-11-03T13:49:27+00:00","dateModified":"2021-03-22T07:46:47+00:00","description":"We are a company that offers taxi services and private transfers in Croatia. We offer luxury cars &minibus that are fully equipped and experienced drivers are at your service 24 hours a day, and 7 day a week. Private door-to-door transfers and taxi service to and from airport Zagreb to rest of Croatia. Easy booking, reliable service and great prices. We are your local premier online taxi and transfer service. We provide a professional taxi and transfer service in Croatia with a competitive price and operate 24 hours a day, 365 days a year. - Excellent Airport pickup and transfer service- Reliable and Punctual, always on time- Airport meeting service - If the flight is delayed, no problem and no extra charge- High quality luxury cars - Professional drivers with a helpful attitude.","breadcrumb":{"@id":"https:\/\/www.zagreb-transfer.taxi\/de\/uber-uns\/#breadcrumb"},"inLanguage":"de","potentialAction":[{"@type":"ReadAction","target":["https:\/\/www.zagreb-transfer.taxi\/de\/uber-uns\/"]}]},{"@type":"BreadcrumbList","@id":"https:\/\/www.zagreb-transfer.taxi\/de\/uber-uns\/#breadcrumb","itemListElement":[{"@type":"ListItem","position":1,"name":"Home","item":"https:\/\/www.zagreb-transfer.taxi\/de\/"},{"@type":"ListItem","position":2,"name":"\u00dcber uns"}]}]}},"_links":{"self":[{"href":"https:\/\/www.zagreb-transfer.taxi\/de\/wp-json\/wp\/v2\/pages\/11891"}],"collection":[{"href":"https:\/\/www.zagreb-transfer.taxi\/de\/wp-json\/wp\/v2\/pages"}],"about":[{"href":"https:\/\/www.zagreb-transfer.taxi\/de\/wp-json\/wp\/v2\/types\/page"}],"author":[{"embeddable":true,"href":"https:\/\/www.zagreb-transfer.taxi\/de\/wp-json\/wp\/v2\/users\/1"}],"replies":[{"embeddable":true,"href":"https:\/\/www.zagreb-transfer.taxi\/de\/wp-json\/wp\/v2\/comments?post=11891"}],"version-history":[{"count":2,"href":"https:\/\/www.zagreb-transfer.taxi\/de\/wp-json\/wp\/v2\/pages\/11891\/revisions"}],"predecessor-version":[{"id":11894,"href":"https:\/\/www.zagreb-transfer.taxi\/de\/wp-json\/wp\/v2\/pages\/11891\/revisions\/11894"}],"wp:attachment":[{"href":"https:\/\/www.zagreb-transfer.taxi\/de\/wp-json\/wp\/v2\/media?parent=11891"}],"curies":[{"name":"wp","href":"https:\/\/api.w.org\/{rel}","templated":true}]}}